{"id":1795,"date":"2018-06-15T11:35:37","date_gmt":"2018-06-15T09:35:37","guid":{"rendered":"http:\/\/mutua2.finismedia.com\/politica-de-cookies\/"},"modified":"2026-03-24T13:00:57","modified_gmt":"2026-03-24T12:00:57","slug":"politica-de-cookies","status":"publish","type":"page","link":"https:\/\/www.mutuapersonalcaixa.com\/es\/politica-de-cookies\/","title":{"rendered":"Pol\u00edtica de cookies"},"content":{"rendered":"\t\t<div data-elementor-type=\"wp-post\" data-elementor-id=\"1795\" class=\"elementor elementor-1795 elementor-1787\" data-elementor-post-type=\"page\">\n\t\t\t\t\t\t<section class=\"elementor-section elementor-top-section elementor-element elementor-element-2c4519bc elementor-section-full_width elementor-section-height-default elementor-section-height-default\" data-id=\"2c4519bc\" data-element_type=\"section\" data-e-type=\"section\" data-settings=\"{&quot;background_background&quot;:&quot;classic&quot;}\">\n\t\t\t\t\t\t<div class=\"elementor-container elementor-column-gap-no\">\n\t\t\t\t\t<div class=\"elementor-column elementor-col-100 elementor-top-column elementor-element elementor-element-3940ad56\" data-id=\"3940ad56\" data-element_type=\"column\" data-e-type=\"column\">\n\t\t\t<div class=\"elementor-widget-wrap elementor-element-populated\">\n\t\t\t\t\t\t<div class=\"elementor-element elementor-element-5b7efd8a elementor-nav-menu__align-center elementor-nav-menu--dropdown-tablet elementor-nav-menu__text-align-aside elementor-nav-menu--toggle elementor-nav-menu--burger elementor-widget elementor-widget-global elementor-global-161 elementor-widget-nav-menu\" data-id=\"5b7efd8a\" data-element_type=\"widget\" data-e-type=\"widget\" data-settings=\"{&quot;submenu_icon&quot;:{&quot;value&quot;:&quot;fas fa-angle-down&quot;,&quot;library&quot;:&quot;fa-solid&quot;},&quot;layout&quot;:&quot;horizontal&quot;,&quot;toggle&quot;:&quot;burger&quot;}\" data-widget_type=\"nav-menu.default\">\n\t\t\t\t<div class=\"elementor-widget-container\">\n\t\t\t\t\t\t\t\t<nav aria-label=\"Men\u00fa\" class=\"elementor-nav-menu--main elementor-nav-menu__container elementor-nav-menu--layout-horizontal e--pointer-underline e--animation-slide\">\n\t\t\t\t<ul id=\"menu-1-5b7efd8a\" class=\"elementor-nav-menu\"><li class=\"simple menu-item menu-item-type-custom menu-item-object-custom menu-item-has-children menu-item-10029\"><a class=\"elementor-item\">La Mutua<\/a>\n<ul class=\"sub-menu elementor-nav-menu--dropdown\">\n\t<li class=\"menu-item menu-item-type-post_type menu-item-object-page menu-item-10030\"><a href=\"https:\/\/www.mutuapersonalcaixa.com\/es\/la-mutua\/\" class=\"elementor-sub-item\">Qu\u00e9 es la Mutua<\/a><\/li>\n\t<li class=\"menu-item menu-item-type-post_type menu-item-object-page menu-item-10031\"><a href=\"https:\/\/www.mutuapersonalcaixa.com\/es\/contacto\/\" class=\"elementor-sub-item\">Contacto<\/a><\/li>\n\t<li class=\"menu-item menu-item-type-post_type menu-item-object-page menu-item-10032\"><a href=\"https:\/\/www.mutuapersonalcaixa.com\/es\/servicio-datencion-al-mutualista\/\" class=\"elementor-sub-item\">Atenci\u00f3n \/ Defensor mutualista<\/a><\/li>\n\t<li class=\"menu-item menu-item-type-post_type menu-item-object-page menu-item-10033\"><a href=\"https:\/\/www.mutuapersonalcaixa.com\/es\/informacion-corporativa\/\" class=\"elementor-sub-item\">Informaci\u00f3n Corporativa<\/a><\/li>\n<\/ul>\n<\/li>\n<li class=\"menu-item menu-item-type-custom menu-item-object-custom menu-item-has-children menu-item-10034\"><a class=\"elementor-item\">Servicio M\u00e9dico <br \/>Quir\u00fargico<\/a>\n<ul class=\"sub-menu elementor-nav-menu--dropdown\">\n\t<li class=\"menu-item menu-item-type-post_type menu-item-object-page menu-item-10035\"><a href=\"https:\/\/www.mutuapersonalcaixa.com\/es\/subsidio-medico-quirurgico\/\" class=\"elementor-sub-item\">\u00bfQu\u00e9 es?<\/a><\/li>\n\t<li class=\"menu-item menu-item-type-post_type menu-item-object-page menu-item-10036\"><a href=\"https:\/\/www.mutuapersonalcaixa.com\/es\/solicitud\/\" class=\"elementor-sub-item\">Solicitud<\/a><\/li>\n\t<li class=\"menu-item menu-item-type-post_type menu-item-object-page menu-item-10038\"><a href=\"https:\/\/www.mutuapersonalcaixa.com\/es\/subsidio-medio-quirurgico-alta\/\" class=\"elementor-sub-item\">Alta<\/a><\/li>\n\t<li class=\"menu-item menu-item-type-post_type menu-item-object-page menu-item-10037\"><a href=\"https:\/\/www.mutuapersonalcaixa.com\/es\/faqs-subsidio-medio-quirurgico\/\" class=\"elementor-sub-item\">FAQ\u2019s<\/a><\/li>\n<\/ul>\n<\/li>\n<li class=\"menu-item menu-item-type-custom menu-item-object-custom menu-item-has-children menu-item-10039\"><a class=\"elementor-item\">Ayuda Econ\u00f3mica <br \/>a la Orfandad<\/a>\n<ul class=\"sub-menu elementor-nav-menu--dropdown\">\n\t<li class=\"menu-item menu-item-type-post_type menu-item-object-page menu-item-10040\"><a href=\"https:\/\/www.mutuapersonalcaixa.com\/es\/ayuda-economica-orfandad\/\" class=\"elementor-sub-item\">\u00bfQu\u00e9 es?<\/a><\/li>\n\t<li class=\"menu-item menu-item-type-post_type menu-item-object-page menu-item-10041\"><a href=\"https:\/\/www.mutuapersonalcaixa.com\/es\/ayuda-economica-orfandad-faqs\/\" class=\"elementor-sub-item\">FAQ\u2019s<\/a><\/li>\n<\/ul>\n<\/li>\n<li class=\"menu-item menu-item-type-custom menu-item-object-custom menu-item-has-children menu-item-10042\"><a class=\"elementor-item\">Ayuda Econ\u00f3mica <br \/>a la Dependencia<\/a>\n<ul class=\"sub-menu elementor-nav-menu--dropdown\">\n\t<li class=\"menu-item menu-item-type-post_type menu-item-object-page menu-item-10043\"><a href=\"https:\/\/www.mutuapersonalcaixa.com\/es\/ayuda-economica-dependencia\/\" class=\"elementor-sub-item\">\u00bfQu\u00e9 es?<\/a><\/li>\n\t<li class=\"menu-item menu-item-type-post_type menu-item-object-page menu-item-10044\"><a href=\"https:\/\/www.mutuapersonalcaixa.com\/es\/ayuda-economica-dependencia-faqs\/\" class=\"elementor-sub-item\">FAQ\u2019s<\/a><\/li>\n<\/ul>\n<\/li>\n<li class=\"simple menu-item menu-item-type-post_type menu-item-object-page current_page_parent menu-item-1587\"><a href=\"https:\/\/www.mutuapersonalcaixa.com\/es\/noticias\/\" class=\"elementor-item\">Actualidad y noticias<\/a><\/li>\n<\/ul>\t\t\t<\/nav>\n\t\t\t\t\t<div class=\"elementor-menu-toggle\" role=\"button\" tabindex=\"0\" aria-label=\"Alternar men\u00fa\" aria-expanded=\"false\">\n\t\t\t<i aria-hidden=\"true\" role=\"presentation\" class=\"elementor-menu-toggle__icon--open eicon-menu-bar\"><\/i><i aria-hidden=\"true\" role=\"presentation\" class=\"elementor-menu-toggle__icon--close eicon-close\"><\/i>\t\t<\/div>\n\t\t\t\t\t<nav class=\"elementor-nav-menu--dropdown elementor-nav-menu__container\" aria-hidden=\"true\">\n\t\t\t\t<ul id=\"menu-2-5b7efd8a\" class=\"elementor-nav-menu\"><li class=\"simple menu-item menu-item-type-custom menu-item-object-custom menu-item-has-children menu-item-10029\"><a class=\"elementor-item\" tabindex=\"-1\">La Mutua<\/a>\n<ul class=\"sub-menu elementor-nav-menu--dropdown\">\n\t<li class=\"menu-item menu-item-type-post_type menu-item-object-page menu-item-10030\"><a href=\"https:\/\/www.mutuapersonalcaixa.com\/es\/la-mutua\/\" class=\"elementor-sub-item\" tabindex=\"-1\">Qu\u00e9 es la Mutua<\/a><\/li>\n\t<li class=\"menu-item menu-item-type-post_type menu-item-object-page menu-item-10031\"><a href=\"https:\/\/www.mutuapersonalcaixa.com\/es\/contacto\/\" class=\"elementor-sub-item\" tabindex=\"-1\">Contacto<\/a><\/li>\n\t<li class=\"menu-item menu-item-type-post_type menu-item-object-page menu-item-10032\"><a href=\"https:\/\/www.mutuapersonalcaixa.com\/es\/servicio-datencion-al-mutualista\/\" class=\"elementor-sub-item\" tabindex=\"-1\">Atenci\u00f3n \/ Defensor mutualista<\/a><\/li>\n\t<li class=\"menu-item menu-item-type-post_type menu-item-object-page menu-item-10033\"><a href=\"https:\/\/www.mutuapersonalcaixa.com\/es\/informacion-corporativa\/\" class=\"elementor-sub-item\" tabindex=\"-1\">Informaci\u00f3n Corporativa<\/a><\/li>\n<\/ul>\n<\/li>\n<li class=\"menu-item menu-item-type-custom menu-item-object-custom menu-item-has-children menu-item-10034\"><a class=\"elementor-item\" tabindex=\"-1\">Servicio M\u00e9dico <br \/>Quir\u00fargico<\/a>\n<ul class=\"sub-menu elementor-nav-menu--dropdown\">\n\t<li class=\"menu-item menu-item-type-post_type menu-item-object-page menu-item-10035\"><a href=\"https:\/\/www.mutuapersonalcaixa.com\/es\/subsidio-medico-quirurgico\/\" class=\"elementor-sub-item\" tabindex=\"-1\">\u00bfQu\u00e9 es?<\/a><\/li>\n\t<li class=\"menu-item menu-item-type-post_type menu-item-object-page menu-item-10036\"><a href=\"https:\/\/www.mutuapersonalcaixa.com\/es\/solicitud\/\" class=\"elementor-sub-item\" tabindex=\"-1\">Solicitud<\/a><\/li>\n\t<li class=\"menu-item menu-item-type-post_type menu-item-object-page menu-item-10038\"><a href=\"https:\/\/www.mutuapersonalcaixa.com\/es\/subsidio-medio-quirurgico-alta\/\" class=\"elementor-sub-item\" tabindex=\"-1\">Alta<\/a><\/li>\n\t<li class=\"menu-item menu-item-type-post_type menu-item-object-page menu-item-10037\"><a href=\"https:\/\/www.mutuapersonalcaixa.com\/es\/faqs-subsidio-medio-quirurgico\/\" class=\"elementor-sub-item\" tabindex=\"-1\">FAQ\u2019s<\/a><\/li>\n<\/ul>\n<\/li>\n<li class=\"menu-item menu-item-type-custom menu-item-object-custom menu-item-has-children menu-item-10039\"><a class=\"elementor-item\" tabindex=\"-1\">Ayuda Econ\u00f3mica <br \/>a la Orfandad<\/a>\n<ul class=\"sub-menu elementor-nav-menu--dropdown\">\n\t<li class=\"menu-item menu-item-type-post_type menu-item-object-page menu-item-10040\"><a href=\"https:\/\/www.mutuapersonalcaixa.com\/es\/ayuda-economica-orfandad\/\" class=\"elementor-sub-item\" tabindex=\"-1\">\u00bfQu\u00e9 es?<\/a><\/li>\n\t<li class=\"menu-item menu-item-type-post_type menu-item-object-page menu-item-10041\"><a href=\"https:\/\/www.mutuapersonalcaixa.com\/es\/ayuda-economica-orfandad-faqs\/\" class=\"elementor-sub-item\" tabindex=\"-1\">FAQ\u2019s<\/a><\/li>\n<\/ul>\n<\/li>\n<li class=\"menu-item menu-item-type-custom menu-item-object-custom menu-item-has-children menu-item-10042\"><a class=\"elementor-item\" tabindex=\"-1\">Ayuda Econ\u00f3mica <br \/>a la Dependencia<\/a>\n<ul class=\"sub-menu elementor-nav-menu--dropdown\">\n\t<li class=\"menu-item menu-item-type-post_type menu-item-object-page menu-item-10043\"><a href=\"https:\/\/www.mutuapersonalcaixa.com\/es\/ayuda-economica-dependencia\/\" class=\"elementor-sub-item\" tabindex=\"-1\">\u00bfQu\u00e9 es?<\/a><\/li>\n\t<li class=\"menu-item menu-item-type-post_type menu-item-object-page menu-item-10044\"><a href=\"https:\/\/www.mutuapersonalcaixa.com\/es\/ayuda-economica-dependencia-faqs\/\" class=\"elementor-sub-item\" tabindex=\"-1\">FAQ\u2019s<\/a><\/li>\n<\/ul>\n<\/li>\n<li class=\"simple menu-item menu-item-type-post_type menu-item-object-page current_page_parent menu-item-1587\"><a href=\"https:\/\/www.mutuapersonalcaixa.com\/es\/noticias\/\" class=\"elementor-item\" tabindex=\"-1\">Actualidad y noticias<\/a><\/li>\n<\/ul>\t\t\t<\/nav>\n\t\t\t\t\t\t<\/div>\n\t\t\t\t<\/div>\n\t\t\t\t\t<\/div>\n\t\t<\/div>\n\t\t\t\t\t<\/div>\n\t\t<\/section>\n\t\t\t\t<section class=\"elementor-section elementor-top-section elementor-element elementor-element-2105b2ec elementor-section-boxed elementor-section-height-default elementor-section-height-default\" data-id=\"2105b2ec\" data-element_type=\"section\" data-e-type=\"section\">\n\t\t\t\t\t\t<div class=\"elementor-container elementor-column-gap-default\">\n\t\t\t\t\t<div class=\"elementor-column elementor-col-100 elementor-top-column elementor-element elementor-element-13f939b1\" data-id=\"13f939b1\" data-element_type=\"column\" data-e-type=\"column\">\n\t\t\t<div class=\"elementor-widget-wrap elementor-element-populated\">\n\t\t\t\t\t\t<div class=\"elementor-element elementor-element-32377f36 elementor-widget elementor-widget-heading\" data-id=\"32377f36\" data-element_type=\"widget\" data-e-type=\"widget\" data-widget_type=\"heading.default\">\n\t\t\t\t<div class=\"elementor-widget-container\">\n\t\t\t\t\t<h2 class=\"elementor-heading-title elementor-size-default\">Pol\u00edtica de cookies<\/h2>\t\t\t\t<\/div>\n\t\t\t\t<\/div>\n\t\t\t\t<div class=\"elementor-element elementor-element-35f1ddfe elementor-widget elementor-widget-text-editor\" data-id=\"35f1ddfe\" data-element_type=\"widget\" data-e-type=\"widget\" data-widget_type=\"text-editor.default\">\n\t\t\t\t<div class=\"elementor-widget-container\">\n\t\t\t\t\t\t\t\t\t<p>En cumplimiento con el deber de informaci\u00f3n recogido en el apartado 2\u00ba del art\u00edculo 22 de la Ley 34\/2002, de 11 de julio, de Servicios de la Sociedad de la Informaci\u00f3n y del Comercio Electr\u00f3nico, la presente Pol\u00edtica de Cookies tiene por finalidad informar a los usuarios de manera clara y precisa sobre las cookies que utiliza este sitio web.<\/p><p>Asimismo, con el objetivo de garantizar su privacidad, le informamos que en esta web utilizamos cookies que nos permiten facilitar el uso y la navegaci\u00f3n, garantizar el acceso a determinadas funcionalidades y mejorar la calidad del sitio web de acuerdo con sus h\u00e1bitos y estilos de navegaci\u00f3n.<\/p><p>Esta Pol\u00edtica de Cookies se complementa con la Pol\u00edtica de Privacidad del sitio web.<\/p><h3>\u00bfQu\u00e9 son las cookies?<\/h3><p>Una cookie es un fichero que se descarga en su dispositivo (ordenador, smartphone, tableta o cualquier otro dispositivo) cuando accede a una p\u00e1gina web y que permite al titular de dicha p\u00e1gina almacenar o recuperar determinada informaci\u00f3n sobre m\u00faltiples variables, como por ejemplo:<\/p><ul><li>El n\u00famero de veces que la p\u00e1gina ha sido visitada por el usuario.<\/li><li>Identificar al usuario registrado.<\/li><li>Garantizar la sesi\u00f3n del usuario mientras navega por la p\u00e1gina.<\/li><li>Permitir que se realicen operaciones de forma segura y estable.<\/li><\/ul><p>Las cookies ofrecen informaci\u00f3n sobre los h\u00e1bitos de navegaci\u00f3n de los usuarios y pueden afectar a su privacidad, por lo que se facilita la informaci\u00f3n necesaria para que pueda decidir sobre su uso.<\/p><h3>\u00bfQui\u00e9n es el responsable del uso de las cookies?<\/h3><p><strong>Mutua del Personal de la Caixa, M.P.S<\/strong> (en adelante, LA MUTUA)<br \/>CIF: G60327798<br \/>Domicilio: Edifici Trade, Torre Sur \u2013 C\/ Gran Via Carles III, 84, 6\u00aa planta \u2013 08028 Barcelona<br \/>Email: dpd@mutuapersonalcaixa.com<\/p><h3>Tipos de cookies<\/h3><p>Las cookies pueden clasificarse seg\u00fan diferentes criterios:<\/p><h4>Seg\u00fan su duraci\u00f3n<\/h4><ul><li><strong>Cookies de sesi\u00f3n<\/strong>: se eliminan al cerrar el navegador.<\/li><li><strong>Cookies persistentes<\/strong>: permanecen almacenadas durante un periodo determinado.<\/li><\/ul><h4>Seg\u00fan su finalidad<\/h4><ul><li><strong>Cookies t\u00e9cnicas<\/strong>: necesarias para el funcionamiento del sitio web.<\/li><li><strong>Cookies de personalizaci\u00f3n<\/strong>: recuerdan preferencias del usuario.<\/li><li><strong>Cookies de an\u00e1lisis<\/strong>: permiten medir y analizar el uso del sitio web.<\/li><li><strong>Cookies publicitarias<\/strong>: gestionan espacios publicitarios.<\/li><li><strong>Cookies comportamentales<\/strong>: permiten mostrar publicidad personalizada.<\/li><li><strong>Cookies de redes sociales<\/strong>: facilitan la interacci\u00f3n con plataformas externas.<\/li><\/ul><h4>Seg\u00fan su origen<\/h4><ul><li><strong>Cookies propias<\/strong>: gestionadas por el propio sitio web.<\/li><li><strong>Cookies de terceros<\/strong>: gestionadas por servicios externos.<\/li><\/ul><h3>Cookies utilizadas en este sitio web<\/h3><table><thead><tr><th>Tipo<\/th><th>Cookie<\/th><th>Titular<\/th><th>Finalidad<\/th><th>Duraci\u00f3n<\/th><\/tr><\/thead><tbody><tr><td>An\u00e1lisis<\/td><td>__hssc<\/td><td>HubSpot<\/td><td>Seguimiento de sesiones para anal\u00edtica<\/td><td>1 d\u00eda<\/td><\/tr><tr><td>An\u00e1lisis<\/td><td>__hssrc<\/td><td>HubSpot<\/td><td>Detecta si la sesi\u00f3n es nueva<\/td><td>Sesi\u00f3n<\/td><\/tr><tr><td>An\u00e1lisis<\/td><td>__hstc<\/td><td>HubSpot<\/td><td>Seguimiento de visitantes<\/td><td>6 meses<\/td><\/tr><tr><td>An\u00e1lisis<\/td><td>hubspotutk<\/td><td>HubSpot<\/td><td>Identificaci\u00f3n del visitante<\/td><td>6 meses<\/td><\/tr><tr><td>An\u00e1lisis<\/td><td>_ga<\/td><td>Google Analytics<\/td><td>Distinguir usuarios<\/td><td>2 a\u00f1os<\/td><\/tr><tr><td>An\u00e1lisis<\/td><td>_ga_6T5XSBZH2R<\/td><td>Google Analytics<\/td><td>Gesti\u00f3n de sesiones<\/td><td>2 a\u00f1os<\/td><\/tr><tr><td>T\u00e9cnica<\/td><td>moove_gdpr_popup<\/td><td>Propia<\/td><td>Guardar preferencias de cookies<\/td><td>1 a\u00f1o<\/td><\/tr><tr><td>T\u00e9cnica<\/td><td>wp-wpml_current_language<\/td><td>Propia<\/td><td>Recordar idioma<\/td><td>Sesi\u00f3n<\/td><\/tr><tr><td>T\u00e9cnica<\/td><td>pum-3623<\/td><td>Propia<\/td><td>Control de pop-ups<\/td><td>1 mes<\/td><\/tr><\/tbody><\/table><h3>Gesti\u00f3n de cookies<\/h3><p>El usuario puede aceptar, rechazar o configurar el uso de cookies mediante el banner de configuraci\u00f3n habilitado en el sitio web.<\/p><p>Asimismo, puede permitir, bloquear o eliminar las cookies instaladas en su dispositivo mediante la configuraci\u00f3n del navegador:<\/p><ul><li>Google Chrome<\/li><li>Mozilla Firefox<\/li><li>Safari<\/li><li>Microsoft Edge<\/li><\/ul><p>La desactivaci\u00f3n de cookies puede afectar al correcto funcionamiento del sitio web.<\/p><h3>Informaci\u00f3n adicional<\/h3><p>Para obtener m\u00e1s informaci\u00f3n sobre el tratamiento de sus datos personales puede consultar nuestra Pol\u00edtica de Privacidad.<\/p><h3>Actualizaciones<\/h3><p>Esta Pol\u00edtica de Cookies puede modificarse en funci\u00f3n de cambios legales o t\u00e9cnicos. Se recomienda revisarla peri\u00f3dicamente.<\/p><p><em>\u00daltima actualizaci\u00f3n: marzo de 2026<\/em><\/p>\t\t\t\t\t\t\t\t<\/div>\n\t\t\t\t<\/div>\n\t\t\t\t\t<\/div>\n\t\t<\/div>\n\t\t\t\t\t<\/div>\n\t\t<\/section>\n\t\t\t\t<\/div>\n\t\t","protected":false},"excerpt":{"rendered":"<p>Pol\u00edtica de cookies En cumplimiento con el deber de informaci\u00f3n recogido en el apartado 2\u00ba del art\u00edculo 22 de la Ley 34\/2002, de 11 de julio, de Servicios de la Sociedad de la Informaci\u00f3n y del Comercio Electr\u00f3nico, la presente Pol\u00edtica de Cookies tiene por finalidad informar a los usuarios de manera clara y precisa &#8230; <a title=\"Pol\u00edtica de cookies\" class=\"read-more\" href=\"https:\/\/www.mutuapersonalcaixa.com\/es\/politica-de-cookies\/\">Read more<span class=\"screen-reader-text\">Pol\u00edtica de cookies<\/span><\/a><\/p>\n","protected":false},"author":1,"featured_media":0,"parent":0,"menu_order":100,"comment_status":"closed","ping_status":"closed","template":"","meta":{"content-type":"","footnotes":""},"class_list":["post-1795","page","type-page","status-publish"],"_links":{"self":[{"href":"https:\/\/www.mutuapersonalcaixa.com\/es\/wp-json\/wp\/v2\/pages\/1795","targetHints":{"allow":["GET"]}}],"collection":[{"href":"https:\/\/www.mutuapersonalcaixa.com\/es\/wp-json\/wp\/v2\/pages"}],"about":[{"href":"https:\/\/www.mutuapersonalcaixa.com\/es\/wp-json\/wp\/v2\/types\/page"}],"author":[{"embeddable":true,"href":"https:\/\/www.mutuapersonalcaixa.com\/es\/wp-json\/wp\/v2\/users\/1"}],"replies":[{"embeddable":true,"href":"https:\/\/www.mutuapersonalcaixa.com\/es\/wp-json\/wp\/v2\/comments?post=1795"}],"version-history":[{"count":6,"href":"https:\/\/www.mutuapersonalcaixa.com\/es\/wp-json\/wp\/v2\/pages\/1795\/revisions"}],"predecessor-version":[{"id":13146,"href":"https:\/\/www.mutuapersonalcaixa.com\/es\/wp-json\/wp\/v2\/pages\/1795\/revisions\/13146"}],"wp:attachment":[{"href":"https:\/\/www.mutuapersonalcaixa.com\/es\/wp-json\/wp\/v2\/media?parent=1795"}],"curies":[{"name":"wp","href":"https:\/\/api.w.org\/{rel}","templated":true}]}}